{"id":821,"date":"2023-02-25T22:53:49","date_gmt":"2023-02-25T22:53:49","guid":{"rendered":"https:\/\/marason.is\/?page_id=821"},"modified":"2023-02-25T23:08:20","modified_gmt":"2023-02-25T23:08:20","slug":"myrkur","status":"publish","type":"page","link":"https:\/\/marason.is\/?page_id=821","title":{"rendered":"Myrkur"},"content":{"rendered":"\n<p><\/p>\n\n\n\n<p>25. n\u00f3vember 2022 var s\u00fdningin Myrkur \u00ed Mj\u00f3lkurb\u00fa\u00f0inni \u00e1 Akureyri. \u00c1 voru 39 lj\u00f3smyndaverk sem \u00f6ll eru unnin 2022 auk valdra lj\u00f3smynda fr\u00e1 1989-90 sem \u00f6\u00f0last n\u00fdtt l\u00edf og tilgang \u00e1 s\u00fdningunni. Einnig var innsetning \u00ed hli\u00f0arsal \u00fear sem lj\u00f3smyndum var varpa\u00f0 me\u00f0 heimasm\u00ed\u00f0u\u00f0um b\u00fana\u00f0i.<br>Heiti s\u00fdningarinnar v\u00edsar til skammdegisins sem er \u00f3venju dimmt a\u00f0 \u00feessu sinni \u00fear sem snj\u00f3laus j\u00f6r\u00f0in gleypir \u00ed sig \u00fe\u00e1 litlu birtu sem gefst. Myrkri\u00f0 safnast \u00ed s\u00e1l margra en Sigur\u00f0ur r\u00e6ktar ge\u00f0i\u00f0 \u00ed skammdeginu me\u00f0 \u00fev\u00ed a\u00f0 halda s\u00e9r uppteknum vi\u00f0 skapandi i\u00f0ju, tilraunir og heimspekilegar p\u00e6lingar um merkingu lj\u00f3smynda \u00ed n\u00fat\u00edmanum.<br>Me\u00f0al \u00feess sem Sigur\u00f0ur veltir fyrir s\u00e9r, er hvort lj\u00f3smyndir sem aldrei hlj\u00f3ta l\u00e6k \u00e1 samf\u00e9lagsmi\u00f0lum, s\u00e9u raunverulega til. Hva\u00f0 ver\u00f0ur um \u00fe\u00e6r lj\u00f3smyndir sem enginn hefur s\u00e9\u00f0? E\u00f0a lj\u00f3smyndir sem enginn nennir a\u00f0 horfa \u00e1 lengur? Er h\u00e6gt a\u00f0 endurvinna \u00fe\u00e6r og veita \u00feeim n\u00fdtt l\u00edf? E\u00f0a st\u00f6ndum vi\u00f0 kannski frammi fyrir \u00fev\u00ed, a\u00f0 n\u00fat\u00edmaf\u00f3lk tekur alltof miki\u00f0 af lj\u00f3smyndum sem gerir \u00fe\u00e6r a\u00f0 marklausu fyrirb\u00e6ri.<br>\u00de\u00f3 verkin eigi \u00f6ll s\u00e9r \u00f6ll uppruna \u00ed myndav\u00e9l, koma m\u00e1lning og penslar, glimmer, k\u00f6kubaukar, saumav\u00e9l og \u00fdmist anna\u00f0 vi\u00f0 s\u00f6gu. Sigur\u00f0ur blandar saman g\u00f6mlu og n\u00fdju; \u00fatrunnum filmum og gamaldags myndav\u00e9lum \u00ed bland vi\u00f0 n\u00fdm\u00f3\u00f0ins t\u00f6lvust\u00fdr\u00f0a lasert\u00e6kni. Hann fer \u00f3tro\u00f0nar sl\u00f3\u00f0ir \u00ed a\u00f0fer\u00f0um og notar kaffi jafnt sem r\u00fassnesk spilliefni vi\u00f0 framk\u00f6llun og prentar s\u00f6mu myndina oftar en einu sinni \u00e1 sama papp\u00edrinn me\u00f0 \u00e1ratuga millibili<\/p>\n\n\n\n<figure class=\"wp-block-image size-large\"><img loading=\"lazy\" decoding=\"async\" width=\"1024\" height=\"576\" src=\"https:\/\/marason.is\/wp-content\/uploads\/2023\/02\/IMG_20221129_211505-1024x576.jpg\" alt=\"\" class=\"wp-image-822\" srcset=\"https:\/\/marason.is\/wp-content\/uploads\/2023\/02\/IMG_20221129_211505-1024x576.jpg 1024w, https:\/\/marason.is\/wp-content\/uploads\/2023\/02\/IMG_20221129_211505-300x169.jpg 300w, https:\/\/marason.is\/wp-content\/uploads\/2023\/02\/IMG_20221129_211505-768x432.jpg 768w, https:\/\/marason.is\/wp-content\/uploads\/2023\/02\/IMG_20221129_211505-1536x864.jpg 1536w, https:\/\/marason.is\/wp-content\/uploads\/2023\/02\/IMG_20221129_211505-2048x1152.jpg 2048w, https:\/\/marason.is\/wp-content\/uploads\/2023\/02\/IMG_20221129_211505-624x351.jpg 624w\" sizes=\"auto, (max-width: 1024px) 100vw, 1024px\" \/><\/figure>\n\n\n\n<figure class=\"wp-block-image size-large\"><img loading=\"lazy\" decoding=\"async\" width=\"1024\" height=\"576\" src=\"https:\/\/marason.is\/wp-content\/uploads\/2023\/02\/IMG_20221203_142518-1024x576.jpg\" alt=\"\" class=\"wp-image-823\" srcset=\"https:\/\/marason.is\/wp-content\/uploads\/2023\/02\/IMG_20221203_142518-1024x576.jpg 1024w, https:\/\/marason.is\/wp-content\/uploads\/2023\/02\/IMG_20221203_142518-300x169.jpg 300w, https:\/\/marason.is\/wp-content\/uploads\/2023\/02\/IMG_20221203_142518-768x432.jpg 768w, https:\/\/marason.is\/wp-content\/uploads\/2023\/02\/IMG_20221203_142518-1536x864.jpg 1536w, https:\/\/marason.is\/wp-content\/uploads\/2023\/02\/IMG_20221203_142518-2048x1152.jpg 2048w, https:\/\/marason.is\/wp-content\/uploads\/2023\/02\/IMG_20221203_142518-624x351.jpg 624w\" sizes=\"auto, (max-width: 1024px) 100vw, 1024px\" \/><\/figure>\n\n\n\n<figure class=\"wp-block-image size-large\"><img loading=\"lazy\" decoding=\"async\" width=\"1024\" height=\"576\" src=\"https:\/\/marason.is\/wp-content\/uploads\/2023\/02\/IMG_20221129_211154-1024x576.jpg\" alt=\"\" class=\"wp-image-824\" srcset=\"https:\/\/marason.is\/wp-content\/uploads\/2023\/02\/IMG_20221129_211154-1024x576.jpg 1024w, https:\/\/marason.is\/wp-content\/uploads\/2023\/02\/IMG_20221129_211154-300x169.jpg 300w, https:\/\/marason.is\/wp-content\/uploads\/2023\/02\/IMG_20221129_211154-768x432.jpg 768w, https:\/\/marason.is\/wp-content\/uploads\/2023\/02\/IMG_20221129_211154-1536x864.jpg 1536w, https:\/\/marason.is\/wp-content\/uploads\/2023\/02\/IMG_20221129_211154-2048x1152.jpg 2048w, https:\/\/marason.is\/wp-content\/uploads\/2023\/02\/IMG_20221129_211154-624x351.jpg 624w\" sizes=\"auto, (max-width: 1024px) 100vw, 1024px\" \/><\/figure>\n\n\n\n<figure class=\"wp-block-image size-large\"><img loading=\"lazy\" decoding=\"async\" width=\"1024\" height=\"576\" src=\"https:\/\/marason.is\/wp-content\/uploads\/2023\/02\/IMG_20221203_163057-1024x576.jpg\" alt=\"\" class=\"wp-image-826\" srcset=\"https:\/\/marason.is\/wp-content\/uploads\/2023\/02\/IMG_20221203_163057-1024x576.jpg 1024w, https:\/\/marason.is\/wp-content\/uploads\/2023\/02\/IMG_20221203_163057-300x169.jpg 300w, https:\/\/marason.is\/wp-content\/uploads\/2023\/02\/IMG_20221203_163057-768x432.jpg 768w, https:\/\/marason.is\/wp-content\/uploads\/2023\/02\/IMG_20221203_163057-1536x864.jpg 1536w, https:\/\/marason.is\/wp-content\/uploads\/2023\/02\/IMG_20221203_163057-2048x1152.jpg 2048w, https:\/\/marason.is\/wp-content\/uploads\/2023\/02\/IMG_20221203_163057-624x351.jpg 624w\" sizes=\"auto, (max-width: 1024px) 100vw, 1024px\" \/><\/figure>\n\n\n\n<figure class=\"wp-block-gallery has-nested-images columns-default is-cropped wp-block-gallery-1 is-layout-flex wp-block-gallery-is-layout-flex\">\n<figure class=\"wp-block-image size-large\"><img loading=\"lazy\" decoding=\"async\" width=\"1024\" height=\"576\" data-id=\"827\" src=\"https:\/\/marason.is\/wp-content\/uploads\/2023\/02\/IMG_20221127_141123-1024x576.jpg\" alt=\"\" class=\"wp-image-827\" srcset=\"https:\/\/marason.is\/wp-content\/uploads\/2023\/02\/IMG_20221127_141123-1024x576.jpg 1024w, https:\/\/marason.is\/wp-content\/uploads\/2023\/02\/IMG_20221127_141123-300x169.jpg 300w, https:\/\/marason.is\/wp-content\/uploads\/2023\/02\/IMG_20221127_141123-768x432.jpg 768w, https:\/\/marason.is\/wp-content\/uploads\/2023\/02\/IMG_20221127_141123-1536x864.jpg 1536w, https:\/\/marason.is\/wp-content\/uploads\/2023\/02\/IMG_20221127_141123-2048x1152.jpg 2048w, https:\/\/marason.is\/wp-content\/uploads\/2023\/02\/IMG_20221127_141123-624x351.jpg 624w\" sizes=\"auto, (max-width: 1024px) 100vw, 1024px\" \/><\/figure>\n<\/figure>\n\n\n\n<figure class=\"wp-block-image size-large\"><img loading=\"lazy\" decoding=\"async\" width=\"1024\" height=\"576\" src=\"https:\/\/marason.is\/wp-content\/uploads\/2023\/02\/IMG_20221203_162029-1024x576.jpg\" alt=\"\" class=\"wp-image-828\" srcset=\"https:\/\/marason.is\/wp-content\/uploads\/2023\/02\/IMG_20221203_162029-1024x576.jpg 1024w, https:\/\/marason.is\/wp-content\/uploads\/2023\/02\/IMG_20221203_162029-300x169.jpg 300w, https:\/\/marason.is\/wp-content\/uploads\/2023\/02\/IMG_20221203_162029-768x432.jpg 768w, https:\/\/marason.is\/wp-content\/uploads\/2023\/02\/IMG_20221203_162029-1536x864.jpg 1536w, https:\/\/marason.is\/wp-content\/uploads\/2023\/02\/IMG_20221203_162029-2048x1152.jpg 2048w, https:\/\/marason.is\/wp-content\/uploads\/2023\/02\/IMG_20221203_162029-624x351.jpg 624w\" sizes=\"auto, (max-width: 1024px) 100vw, 1024px\" \/><\/figure>\n\n\n\n<figure class=\"wp-block-image size-large\"><img loading=\"lazy\" decoding=\"async\" width=\"1024\" height=\"576\" src=\"https:\/\/marason.is\/wp-content\/uploads\/2023\/02\/IMG_20221203_162000-1024x576.jpg\" alt=\"\" class=\"wp-image-829\" srcset=\"https:\/\/marason.is\/wp-content\/uploads\/2023\/02\/IMG_20221203_162000-1024x576.jpg 1024w, https:\/\/marason.is\/wp-content\/uploads\/2023\/02\/IMG_20221203_162000-300x169.jpg 300w, https:\/\/marason.is\/wp-content\/uploads\/2023\/02\/IMG_20221203_162000-768x432.jpg 768w, https:\/\/marason.is\/wp-content\/uploads\/2023\/02\/IMG_20221203_162000-1536x864.jpg 1536w, https:\/\/marason.is\/wp-content\/uploads\/2023\/02\/IMG_20221203_162000-2048x1152.jpg 2048w, https:\/\/marason.is\/wp-content\/uploads\/2023\/02\/IMG_20221203_162000-624x351.jpg 624w\" sizes=\"auto, (max-width: 1024px) 100vw, 1024px\" \/><\/figure>\n\n\n\n<figure class=\"wp-block-image size-large\"><img loading=\"lazy\" decoding=\"async\" width=\"1024\" height=\"576\" src=\"https:\/\/marason.is\/wp-content\/uploads\/2023\/02\/IMG_20221129_211138-1024x576.jpg\" alt=\"\" class=\"wp-image-832\" srcset=\"https:\/\/marason.is\/wp-content\/uploads\/2023\/02\/IMG_20221129_211138-1024x576.jpg 1024w, https:\/\/marason.is\/wp-content\/uploads\/2023\/02\/IMG_20221129_211138-300x169.jpg 300w, https:\/\/marason.is\/wp-content\/uploads\/2023\/02\/IMG_20221129_211138-768x432.jpg 768w, https:\/\/marason.is\/wp-content\/uploads\/2023\/02\/IMG_20221129_211138-1536x864.jpg 1536w, https:\/\/marason.is\/wp-content\/uploads\/2023\/02\/IMG_20221129_211138-2048x1152.jpg 2048w, https:\/\/marason.is\/wp-content\/uploads\/2023\/02\/IMG_20221129_211138-624x351.jpg 624w\" sizes=\"auto, (max-width: 1024px) 100vw, 1024px\" \/><\/figure>\n","protected":false},"excerpt":{"rendered":"<p>25. n\u00f3vember 2022 var s\u00fdningin Myrkur \u00ed Mj\u00f3lkurb\u00fa\u00f0inni \u00e1 Akureyri. \u00c1 voru 39 lj\u00f3smyndaverk sem \u00f6ll eru unnin 2022 auk valdra lj\u00f3smynda fr\u00e1 1989-90 sem \u00f6\u00f0last n\u00fdtt l\u00edf og tilgang \u00e1 s\u00fdningunni. Einnig var innsetning \u00ed hli\u00f0arsal \u00fear sem lj\u00f3smyndum var varpa\u00f0 me\u00f0 heimasm\u00ed\u00f0u\u00f0um b\u00fana\u00f0i.Heiti s\u00fdningarinnar v\u00edsar til skammdegisins sem er \u00f3venju dimmt a\u00f0 \u00feessu [&hellip;]<\/p>\n","protected":false},"author":1,"featured_media":0,"parent":0,"menu_order":0,"comment_status":"closed","ping_status":"closed","template":"","meta":{"_coblocks_attr":"","_coblocks_dimensions":"","_coblocks_responsive_height":"","_coblocks_accordion_ie_support":"","footnotes":""},"class_list":["post-821","page","type-page","status-publish","hentry"],"_links":{"self":[{"href":"https:\/\/marason.is\/index.php?rest_route=\/wp\/v2\/pages\/821","targetHints":{"allow":["GET"]}}],"collection":[{"href":"https:\/\/marason.is\/index.php?rest_route=\/wp\/v2\/pages"}],"about":[{"href":"https:\/\/marason.is\/index.php?rest_route=\/wp\/v2\/types\/page"}],"author":[{"embeddable":true,"href":"https:\/\/marason.is\/index.php?rest_route=\/wp\/v2\/users\/1"}],"replies":[{"embeddable":true,"href":"https:\/\/marason.is\/index.php?rest_route=%2Fwp%2Fv2%2Fcomments&post=821"}],"version-history":[{"count":3,"href":"https:\/\/marason.is\/index.php?rest_route=\/wp\/v2\/pages\/821\/revisions"}],"predecessor-version":[{"id":834,"href":"https:\/\/marason.is\/index.php?rest_route=\/wp\/v2\/pages\/821\/revisions\/834"}],"wp:attachment":[{"href":"https:\/\/marason.is\/index.php?rest_route=%2Fwp%2Fv2%2Fmedia&parent=821"}],"curies":[{"name":"wp","href":"https:\/\/api.w.org\/{rel}","templated":true}]}}