{"id":788,"date":"2022-06-21T11:23:44","date_gmt":"2022-06-21T11:23:44","guid":{"rendered":"https:\/\/marason.is\/?page_id=788"},"modified":"2022-06-24T20:20:20","modified_gmt":"2022-06-24T20:20:20","slug":"frekir-kallar-2021","status":"publish","type":"page","link":"https:\/\/marason.is\/?page_id=788","title":{"rendered":"Frekir kallar (2021)"},"content":{"rendered":"\n<figure class=\"wp-block-image size-large\"><img loading=\"lazy\" decoding=\"async\" width=\"1024\" height=\"472\" src=\"https:\/\/marason.is\/wp-content\/uploads\/2022\/06\/IMG_20210924_145430-1024x472.jpg\" alt=\"\" class=\"wp-image-789\" srcset=\"https:\/\/marason.is\/wp-content\/uploads\/2022\/06\/IMG_20210924_145430-1024x472.jpg 1024w, https:\/\/marason.is\/wp-content\/uploads\/2022\/06\/IMG_20210924_145430-300x138.jpg 300w, https:\/\/marason.is\/wp-content\/uploads\/2022\/06\/IMG_20210924_145430-768x354.jpg 768w, https:\/\/marason.is\/wp-content\/uploads\/2022\/06\/IMG_20210924_145430-1536x709.jpg 1536w, https:\/\/marason.is\/wp-content\/uploads\/2022\/06\/IMG_20210924_145430-2048x945.jpg 2048w, https:\/\/marason.is\/wp-content\/uploads\/2022\/06\/IMG_20210924_145430-624x288.jpg 624w\" sizes=\"auto, (max-width: 1024px) 100vw, 1024px\" \/><figcaption><em>Kaktus, Akureyri, 24. &#8211; 25. september 2021 <\/em><\/figcaption><\/figure>\n\n\n\n<p>Fyrir nokkrum \u00e1rum \u00e1kva\u00f0 Sigur\u00f0ur a\u00f0 h\u00e6tta a\u00f0 skrifa statusa \u00e1 Facebook til a\u00f0 f\u00e1 \u00fatr\u00e1s fyrir gremju s\u00edna yfir \u00fev\u00ed sem var a\u00f0 gerast \u00ed samf\u00e9laginu. \u00deannig losna\u00f0i hann vi\u00f0 komment sem v\u00f6ktu \u00fe\u00e1 enn meiri gremju og streitu. Fyrir einu \u00e1ri e\u00f0a svo \u00feurfti hann a\u00f0 finna a\u00f0ra \u00fatr\u00e1s fyrir pirring og gremju og f\u00f3r \u00fe\u00e1 a\u00f0 m\u00e1la st\u00f3rar portrettmyndir \u00ed sta\u00f0 \u00feess a\u00f0 ranta \u00e1 samf\u00e9lagsmi\u00f0lum. M\u00e1lverkin eru allskonar; sum flj\u00f3tf\u00e6rnisleg, \u00f6nnur agress\u00edf en sum f\u00ednlega m\u00e1lu\u00f0, alveg eins og statusar \u00e1 samf\u00e9lagsmi\u00f0lum ver\u00f0a gjarnan. \u00c1 s\u00fdningunni eru t\u00edu statusar ef svo m\u00e1 segja, t\u00edu m\u00e1lverk sem \u00f6ll veittu Sigur\u00f0i \u00fatr\u00e1s. Verkin eru \u00f6ll til s\u00f6lu. V\u00e6ntanlegir kaupendur \u00e1kve\u00f0a ver\u00f0 en skuldbinda sig til a\u00f0 leggja upph\u00e6\u00f0ina inn hj\u00e1 g\u00f3\u00f0ger\u00f0arsamt\u00f6kum a\u00f0 eigin vali. \u00deannig n\u00fdtur samf\u00e9lagi\u00f0 g\u00f3\u00f0s af ergelsi listamannsins<\/p>\n\n\n\n<figure class=\"wp-block-gallery has-nested-images columns-default is-cropped wp-block-gallery-1 is-layout-flex wp-block-gallery-is-layout-flex\">\n<figure class=\"wp-block-image size-large\"><img loading=\"lazy\" decoding=\"async\" width=\"788\" height=\"1024\" data-id=\"799\" src=\"https:\/\/marason.is\/wp-content\/uploads\/2022\/06\/IMG_20210925_185507-1-788x1024.jpg\" alt=\"\" class=\"wp-image-799\" srcset=\"https:\/\/marason.is\/wp-content\/uploads\/2022\/06\/IMG_20210925_185507-1-788x1024.jpg 788w, https:\/\/marason.is\/wp-content\/uploads\/2022\/06\/IMG_20210925_185507-1-231x300.jpg 231w, https:\/\/marason.is\/wp-content\/uploads\/2022\/06\/IMG_20210925_185507-1-768x998.jpg 768w, https:\/\/marason.is\/wp-content\/uploads\/2022\/06\/IMG_20210925_185507-1-1182x1536.jpg 1182w, https:\/\/marason.is\/wp-content\/uploads\/2022\/06\/IMG_20210925_185507-1-1576x2048.jpg 1576w, https:\/\/marason.is\/wp-content\/uploads\/2022\/06\/IMG_20210925_185507-1-624x811.jpg 624w, https:\/\/marason.is\/wp-content\/uploads\/2022\/06\/IMG_20210925_185507-1-scaled.jpg 1970w\" sizes=\"auto, (max-width: 788px) 100vw, 788px\" \/><\/figure>\n\n\n\n<figure class=\"wp-block-image size-large\"><img loading=\"lazy\" decoding=\"async\" width=\"760\" height=\"1024\" data-id=\"800\" src=\"https:\/\/marason.is\/wp-content\/uploads\/2022\/06\/IMG_20210925_185618-1-760x1024.jpg\" alt=\"\" class=\"wp-image-800\" srcset=\"https:\/\/marason.is\/wp-content\/uploads\/2022\/06\/IMG_20210925_185618-1-760x1024.jpg 760w, https:\/\/marason.is\/wp-content\/uploads\/2022\/06\/IMG_20210925_185618-1-223x300.jpg 223w, https:\/\/marason.is\/wp-content\/uploads\/2022\/06\/IMG_20210925_185618-1-768x1034.jpg 768w, https:\/\/marason.is\/wp-content\/uploads\/2022\/06\/IMG_20210925_185618-1-1141x1536.jpg 1141w, https:\/\/marason.is\/wp-content\/uploads\/2022\/06\/IMG_20210925_185618-1-1521x2048.jpg 1521w, https:\/\/marason.is\/wp-content\/uploads\/2022\/06\/IMG_20210925_185618-1-624x840.jpg 624w, https:\/\/marason.is\/wp-content\/uploads\/2022\/06\/IMG_20210925_185618-1-scaled.jpg 1901w\" sizes=\"auto, (max-width: 760px) 100vw, 760px\" \/><\/figure>\n\n\n\n<figure class=\"wp-block-image size-large\"><img loading=\"lazy\" decoding=\"async\" width=\"737\" height=\"1024\" data-id=\"801\" src=\"https:\/\/marason.is\/wp-content\/uploads\/2022\/06\/IMG_20210925_185306-1-737x1024.jpg\" alt=\"\" class=\"wp-image-801\" srcset=\"https:\/\/marason.is\/wp-content\/uploads\/2022\/06\/IMG_20210925_185306-1-737x1024.jpg 737w, https:\/\/marason.is\/wp-content\/uploads\/2022\/06\/IMG_20210925_185306-1-216x300.jpg 216w, https:\/\/marason.is\/wp-content\/uploads\/2022\/06\/IMG_20210925_185306-1-768x1067.jpg 768w, https:\/\/marason.is\/wp-content\/uploads\/2022\/06\/IMG_20210925_185306-1-1105x1536.jpg 1105w, https:\/\/marason.is\/wp-content\/uploads\/2022\/06\/IMG_20210925_185306-1-1473x2048.jpg 1473w, https:\/\/marason.is\/wp-content\/uploads\/2022\/06\/IMG_20210925_185306-1-624x867.jpg 624w, https:\/\/marason.is\/wp-content\/uploads\/2022\/06\/IMG_20210925_185306-1-scaled.jpg 1842w\" sizes=\"auto, (max-width: 737px) 100vw, 737px\" \/><\/figure>\n\n\n\n<figure class=\"wp-block-image size-large\"><img loading=\"lazy\" decoding=\"async\" width=\"718\" height=\"1024\" data-id=\"806\" src=\"https:\/\/marason.is\/wp-content\/uploads\/2022\/06\/IMG_20210925_185355-2-718x1024.jpg\" alt=\"\" class=\"wp-image-806\" srcset=\"https:\/\/marason.is\/wp-content\/uploads\/2022\/06\/IMG_20210925_185355-2-718x1024.jpg 718w, https:\/\/marason.is\/wp-content\/uploads\/2022\/06\/IMG_20210925_185355-2-210x300.jpg 210w, https:\/\/marason.is\/wp-content\/uploads\/2022\/06\/IMG_20210925_185355-2-768x1095.jpg 768w, https:\/\/marason.is\/wp-content\/uploads\/2022\/06\/IMG_20210925_185355-2-1077x1536.jpg 1077w, https:\/\/marason.is\/wp-content\/uploads\/2022\/06\/IMG_20210925_185355-2-1436x2048.jpg 1436w, https:\/\/marason.is\/wp-content\/uploads\/2022\/06\/IMG_20210925_185355-2-624x890.jpg 624w, https:\/\/marason.is\/wp-content\/uploads\/2022\/06\/IMG_20210925_185355-2-scaled.jpg 1795w\" sizes=\"auto, (max-width: 718px) 100vw, 718px\" \/><\/figure>\n\n\n\n<figure class=\"wp-block-image size-large\"><img loading=\"lazy\" decoding=\"async\" width=\"743\" height=\"1024\" data-id=\"803\" src=\"https:\/\/marason.is\/wp-content\/uploads\/2022\/06\/IMG_20210925_184946-1-743x1024.jpg\" alt=\"\" class=\"wp-image-803\" srcset=\"https:\/\/marason.is\/wp-content\/uploads\/2022\/06\/IMG_20210925_184946-1-743x1024.jpg 743w, https:\/\/marason.is\/wp-content\/uploads\/2022\/06\/IMG_20210925_184946-1-218x300.jpg 218w, https:\/\/marason.is\/wp-content\/uploads\/2022\/06\/IMG_20210925_184946-1-768x1058.jpg 768w, https:\/\/marason.is\/wp-content\/uploads\/2022\/06\/IMG_20210925_184946-1-1115x1536.jpg 1115w, https:\/\/marason.is\/wp-content\/uploads\/2022\/06\/IMG_20210925_184946-1-1486x2048.jpg 1486w, https:\/\/marason.is\/wp-content\/uploads\/2022\/06\/IMG_20210925_184946-1-624x860.jpg 624w, https:\/\/marason.is\/wp-content\/uploads\/2022\/06\/IMG_20210925_184946-1-scaled.jpg 1858w\" sizes=\"auto, (max-width: 743px) 100vw, 743px\" \/><\/figure>\n\n\n\n<figure class=\"wp-block-image size-large\"><img loading=\"lazy\" decoding=\"async\" width=\"791\" height=\"1024\" data-id=\"816\" src=\"https:\/\/marason.is\/wp-content\/uploads\/2022\/06\/IMG_20210925_184817-791x1024.jpg\" alt=\"\" class=\"wp-image-816\" srcset=\"https:\/\/marason.is\/wp-content\/uploads\/2022\/06\/IMG_20210925_184817-791x1024.jpg 791w, https:\/\/marason.is\/wp-content\/uploads\/2022\/06\/IMG_20210925_184817-232x300.jpg 232w, https:\/\/marason.is\/wp-content\/uploads\/2022\/06\/IMG_20210925_184817-768x994.jpg 768w, https:\/\/marason.is\/wp-content\/uploads\/2022\/06\/IMG_20210925_184817-1187x1536.jpg 1187w, https:\/\/marason.is\/wp-content\/uploads\/2022\/06\/IMG_20210925_184817-1582x2048.jpg 1582w, https:\/\/marason.is\/wp-content\/uploads\/2022\/06\/IMG_20210925_184817-624x808.jpg 624w, https:\/\/marason.is\/wp-content\/uploads\/2022\/06\/IMG_20210925_184817-scaled.jpg 1978w\" sizes=\"auto, (max-width: 791px) 100vw, 791px\" \/><\/figure>\n\n\n\n<figure class=\"wp-block-image size-large\"><img loading=\"lazy\" decoding=\"async\" width=\"888\" height=\"1024\" data-id=\"807\" src=\"https:\/\/marason.is\/wp-content\/uploads\/2022\/06\/IMG_20210925_185429-1-888x1024.jpg\" alt=\"\" class=\"wp-image-807\" srcset=\"https:\/\/marason.is\/wp-content\/uploads\/2022\/06\/IMG_20210925_185429-1-888x1024.jpg 888w, https:\/\/marason.is\/wp-content\/uploads\/2022\/06\/IMG_20210925_185429-1-260x300.jpg 260w, https:\/\/marason.is\/wp-content\/uploads\/2022\/06\/IMG_20210925_185429-1-768x886.jpg 768w, https:\/\/marason.is\/wp-content\/uploads\/2022\/06\/IMG_20210925_185429-1-1332x1536.jpg 1332w, https:\/\/marason.is\/wp-content\/uploads\/2022\/06\/IMG_20210925_185429-1-1776x2048.jpg 1776w, https:\/\/marason.is\/wp-content\/uploads\/2022\/06\/IMG_20210925_185429-1-624x720.jpg 624w\" sizes=\"auto, (max-width: 888px) 100vw, 888px\" \/><\/figure>\n\n\n\n<figure class=\"wp-block-image size-large\"><img loading=\"lazy\" decoding=\"async\" width=\"850\" height=\"1024\" data-id=\"808\" src=\"https:\/\/marason.is\/wp-content\/uploads\/2022\/06\/IMG_20210925_184850-2-850x1024.jpg\" alt=\"\" class=\"wp-image-808\" srcset=\"https:\/\/marason.is\/wp-content\/uploads\/2022\/06\/IMG_20210925_184850-2-850x1024.jpg 850w, https:\/\/marason.is\/wp-content\/uploads\/2022\/06\/IMG_20210925_184850-2-249x300.jpg 249w, https:\/\/marason.is\/wp-content\/uploads\/2022\/06\/IMG_20210925_184850-2-768x925.jpg 768w, https:\/\/marason.is\/wp-content\/uploads\/2022\/06\/IMG_20210925_184850-2-1275x1536.jpg 1275w, https:\/\/marason.is\/wp-content\/uploads\/2022\/06\/IMG_20210925_184850-2-1700x2048.jpg 1700w, https:\/\/marason.is\/wp-content\/uploads\/2022\/06\/IMG_20210925_184850-2-624x752.jpg 624w\" sizes=\"auto, (max-width: 850px) 100vw, 850px\" \/><\/figure>\n\n\n\n<figure class=\"wp-block-image size-large\"><img loading=\"lazy\" decoding=\"async\" width=\"768\" height=\"1024\" data-id=\"798\" src=\"https:\/\/marason.is\/wp-content\/uploads\/2022\/06\/IMG_20210925_145315-768x1024.jpg\" alt=\"\" class=\"wp-image-798\" srcset=\"https:\/\/marason.is\/wp-content\/uploads\/2022\/06\/IMG_20210925_145315-768x1024.jpg 768w, https:\/\/marason.is\/wp-content\/uploads\/2022\/06\/IMG_20210925_145315-225x300.jpg 225w, https:\/\/marason.is\/wp-content\/uploads\/2022\/06\/IMG_20210925_145315-1152x1536.jpg 1152w, https:\/\/marason.is\/wp-content\/uploads\/2022\/06\/IMG_20210925_145315-1536x2048.jpg 1536w, https:\/\/marason.is\/wp-content\/uploads\/2022\/06\/IMG_20210925_145315-624x832.jpg 624w, https:\/\/marason.is\/wp-content\/uploads\/2022\/06\/IMG_20210925_145315-scaled.jpg 1920w\" sizes=\"auto, (max-width: 768px) 100vw, 768px\" \/><\/figure>\n<\/figure>\n\n\n\n<figure class=\"wp-block-image size-large\"><img loading=\"lazy\" decoding=\"async\" width=\"1024\" height=\"301\" src=\"https:\/\/marason.is\/wp-content\/uploads\/2022\/06\/IMG_20220621_111507-1-1024x301.jpg\" alt=\"\" class=\"wp-image-812\" srcset=\"https:\/\/marason.is\/wp-content\/uploads\/2022\/06\/IMG_20220621_111507-1-1024x301.jpg 1024w, https:\/\/marason.is\/wp-content\/uploads\/2022\/06\/IMG_20220621_111507-1-300x88.jpg 300w, https:\/\/marason.is\/wp-content\/uploads\/2022\/06\/IMG_20220621_111507-1-768x226.jpg 768w, https:\/\/marason.is\/wp-content\/uploads\/2022\/06\/IMG_20220621_111507-1-1536x451.jpg 1536w, https:\/\/marason.is\/wp-content\/uploads\/2022\/06\/IMG_20220621_111507-1-2048x602.jpg 2048w, https:\/\/marason.is\/wp-content\/uploads\/2022\/06\/IMG_20220621_111507-1-624x183.jpg 624w\" sizes=\"auto, (max-width: 1024px) 100vw, 1024px\" \/><\/figure>\n","protected":false},"excerpt":{"rendered":"<p>Fyrir nokkrum \u00e1rum \u00e1kva\u00f0 Sigur\u00f0ur a\u00f0 h\u00e6tta a\u00f0 skrifa statusa \u00e1 Facebook til a\u00f0 f\u00e1 \u00fatr\u00e1s fyrir gremju s\u00edna yfir \u00fev\u00ed sem var a\u00f0 gerast \u00ed samf\u00e9laginu. \u00deannig losna\u00f0i hann vi\u00f0 komment sem v\u00f6ktu \u00fe\u00e1 enn meiri gremju og streitu. Fyrir einu \u00e1ri e\u00f0a svo \u00feurfti hann a\u00f0 finna a\u00f0ra \u00fatr\u00e1s fyrir pirring og gremju [&hellip;]<\/p>\n","protected":false},"author":1,"featured_media":0,"parent":0,"menu_order":0,"comment_status":"closed","ping_status":"closed","template":"","meta":{"_coblocks_attr":"","_coblocks_dimensions":"","_coblocks_responsive_height":"","_coblocks_accordion_ie_support":"","footnotes":""},"class_list":["post-788","page","type-page","status-publish","hentry"],"_links":{"self":[{"href":"https:\/\/marason.is\/index.php?rest_route=\/wp\/v2\/pages\/788","targetHints":{"allow":["GET"]}}],"collection":[{"href":"https:\/\/marason.is\/index.php?rest_route=\/wp\/v2\/pages"}],"about":[{"href":"https:\/\/marason.is\/index.php?rest_route=\/wp\/v2\/types\/page"}],"author":[{"embeddable":true,"href":"https:\/\/marason.is\/index.php?rest_route=\/wp\/v2\/users\/1"}],"replies":[{"embeddable":true,"href":"https:\/\/marason.is\/index.php?rest_route=%2Fwp%2Fv2%2Fcomments&post=788"}],"version-history":[{"count":4,"href":"https:\/\/marason.is\/index.php?rest_route=\/wp\/v2\/pages\/788\/revisions"}],"predecessor-version":[{"id":819,"href":"https:\/\/marason.is\/index.php?rest_route=\/wp\/v2\/pages\/788\/revisions\/819"}],"wp:attachment":[{"href":"https:\/\/marason.is\/index.php?rest_route=%2Fwp%2Fv2%2Fmedia&parent=788"}],"curies":[{"name":"wp","href":"https:\/\/api.w.org\/{rel}","templated":true}]}}