{"id":65,"date":"2020-08-27T13:07:47","date_gmt":"2020-08-27T13:07:47","guid":{"rendered":"https:\/\/marason.is\/?page_id=65"},"modified":"2023-07-19T22:58:41","modified_gmt":"2023-07-19T22:58:41","slug":"65-2","status":"publish","type":"page","link":"https:\/\/marason.is\/?page_id=65","title":{"rendered":"CV"},"content":{"rendered":"\n<pre id=\"block-28ca1372-7b99-41ee-a494-aa4a443f17c5\" class=\"wp-block-preformatted\"><strong>EINKAS\u00ddNINGAR\/SOLO EXHIBITIONS<\/strong>\n<strong>2022 Myrkur\/Darkness\n<\/strong>Solo exhibition. Mj\u00f3lkurb\u00fa\u00f0in\/Milk Factory Art Gallery, Akureyri.\n<strong>2021 Frekir kallar<\/strong>\nM\u00e1lverkas\u00fdning. Kaktus Akureyri. <strong>\n2021 \u00d3lj\u00f3st landslag\/Obscure Landscape<\/strong>\nDuo exhibition with Gu\u00f0mundur \u00d3li P\u00e1lmason. Mj\u00f3lkurb\u00fa\u00f0in\/Milk Factory Art Gallery, Akureyri.<strong>\n2019 Undan vetri\/After winter<\/strong>\nMj\u00f3lkurb\u00fa\u00f0in\/Milk Factory Art Gallery, Akureyri.\n<strong>2019 Undan vetri\/After winter<\/strong> \nSl\u00fankar\u00edki, \u00cdsafir\u00f0i\n<strong>2017 S\u00f6gur\/Stories<\/strong> \nSalur \u00c1satr\u00faarf\u00e9lagsins, Reykjav\u00edk.\n<strong>2016 S\u00f6gur\/Stories<\/strong> \nListasafn Svavars Gu\u00f0nasonar, H\u00f6fn. Styrkt af Uppbyggingarsj\u00f3\u00f0i Su\u00f0urlands.\n<strong>2011 Manneskjan og \u00edsinn<\/strong>\/<strong>The human and the ice<\/strong>. \nSite-specific s\u00fdning vi\u00f0 Hoffellsj\u00f6kul. Styrkt af Menningarr\u00e1\u00f0i Austurlands.\n<strong>2008 VOFF<\/strong> \n\u00datilj\u00f3smyndas\u00fdning, H\u00f6fn.\n<strong>2005 Sandur\/Sand<\/strong>\nSite-specific s\u00fdning vi\u00f0 Stokksnes. Styrkt af Menningarr\u00e1\u00f0i Austurlands.\n<strong>2005 Hornfir\u00f0ingar\/Locals<\/strong> \nPakkh\u00fasi\u00f0, H\u00f6fn. Styrkt af Menningarr\u00e1\u00f0i Austurlands.\n<strong>1997 Ve\u00f0rin eru t\u00e6md<\/strong> \nsite-specific s\u00fdning \u00ed Hallormssta\u00f0ask\u00f3gi.Sigmundur Ernir orti lj\u00f3\u00f0 vi\u00f0 myndirnar.\n\n<strong><span class=\"uppercase\">SAMS\u00ddNINGAR<\/span><\/strong>\n2023 Minningar\/Memories Sams\u00fdning fimm listamanna sem t\u00f3ku \u00fe\u00e1tt \u00ed n\u00e1mskei\u00f0i \u00e1 K\u00fdpur. Group exhibition where five artist reflect on their one week stay in Cyprus.\n<strong>2023 <\/strong>Afm\u00e6li\/Birthday Sams\u00fdning nor\u00f0lenskra listamanna. Biennale, exhibition of works by artists from North Iceland. Akureyri Art Museum.\n<strong>2021 Takmarkanir\/Limitations<\/strong> Sams\u00fdning nor\u00f0lenskra listamanna. Biennale, exhibition of works by artists from North Iceland. Akureyri Art Museum.<strong>\n2020 Heimalingar<\/strong> \u00fatilistas\u00fdning vi\u00f0 Dyngju-Listh\u00fas \u00ed Eyjafjar\u00f0arsveit.\n<strong>2019 Vor\/Spring<\/strong> \nSams\u00fdning nor\u00f0lenskra listarmanna.Biennale, exhibition of works by artists from North Iceland. Akureyri Art Museum.\n<strong>2017 F\u00cdSL2017<\/strong>\nSams\u00fdning F\u00cdSL \u00e1 H\u00f6fn. \u00cd s\u00fdningarstj\u00f3rn.\n<strong>2015 \u00cdS\u00d32105<\/strong>\nSams\u00fdning F\u00cdSL \u00e1 \u00cdsafir\u00f0i.\n<strong>2014 Innra myrkur<\/strong>\nS\u00cdM salurinn Reykjav\u00edk\n<strong>2013 Arfleif\u00f0 fort\u00ed\u00f0ar freyju<\/strong>\nLj\u00f3smyndas\u00fdning \u00e1samt \u00c1g\u00fastu Margr\u00e9ti Arnard\u00f3ttur fatah\u00f6nnu\u00f0i og Hr\u00f6nn J\u00f3nsd\u00f3ttur sk\u00e1ldkonu. Dj\u00fapavogi og H\u00f6fn.\n<strong>2008 Myndir \u00e1rsins<\/strong>\nSams\u00fdning bla\u00f0alj\u00f3smyndara \u00ed Ger\u00f0arsafni, Reykjav\u00edk.\n<strong>2002 CAMP Hornafj\u00f6r\u00f0u<\/strong>r\nSams\u00fdning 25 listamanna fr\u00e1 \u00cdslandi, Danm\u00f6rku, Bretlandi og \u00de\u00fdskalandi. \u00cd s\u00fdningarstj\u00f3rn.\n<strong>1990 Planket<\/strong>\nLj\u00f3smyndas\u00fdning \u00ed Vitaberksparken \u00ed Stokkh\u00f3lmi.\n<strong>1990 Fria bilder<\/strong>\nSams\u00fdning 13 lj\u00f3smyndanema \u00ed Gautaborg.\n<strong>1987 90 \u00e1ra afm\u00e6liss\u00fdning Bla\u00f0amannaf\u00e9lags \u00edslands<\/strong>.\nListasafn AS\u00cd.\n\n<strong><span class=\"uppercase\">\u00daTG\u00c1FA<\/span>\n2016 S\u00f6gur <\/strong>\nsm\u00e1sagnasafn me\u00f0 engum or\u00f0um. Hornafj\u00f6r\u00f0ur, 2016.\n\n<strong><span class=\"uppercase\">VI\u00d0URKENNINGAR<\/span><\/strong>\n<strong>2016 Menningarver\u00f0laun Hornafjar\u00f0ar<\/strong>\n<\/pre>\n\n\n\n<p><\/p>\n","protected":false},"excerpt":{"rendered":"<p>EINKAS\u00ddNINGAR\/SOLO EXHIBITIONS 2022 Myrkur\/Darkness Solo exhibition. Mj\u00f3lkurb\u00fa\u00f0in\/Milk Factory Art Gallery, Akureyri. 2021 Frekir kallar M\u00e1lverkas\u00fdning. Kaktus Akureyri. 2021 \u00d3lj\u00f3st landslag\/Obscure Landscape Duo exhibition with Gu\u00f0mundur \u00d3li P\u00e1lmason. Mj\u00f3lkurb\u00fa\u00f0in\/Milk Factory Art Gallery, Akureyri. 2019 Undan vetri\/After winter Mj\u00f3lkurb\u00fa\u00f0in\/Milk Factory Art Gallery, Akureyri. 2019 Undan vetri\/After winter Sl\u00fankar\u00edki, \u00cdsafir\u00f0i 2017 S\u00f6gur\/Stories Salur \u00c1satr\u00faarf\u00e9lagsins, Reykjav\u00edk. 2016 S\u00f6gur\/Stories Listasafn [&hellip;]<\/p>\n","protected":false},"author":1,"featured_media":0,"parent":54,"menu_order":0,"comment_status":"closed","ping_status":"closed","template":"","meta":{"_coblocks_attr":"","_coblocks_dimensions":"","_coblocks_responsive_height":"","_coblocks_accordion_ie_support":"","footnotes":""},"class_list":["post-65","page","type-page","status-publish","hentry"],"_links":{"self":[{"href":"https:\/\/marason.is\/index.php?rest_route=\/wp\/v2\/pages\/65","targetHints":{"allow":["GET"]}}],"collection":[{"href":"https:\/\/marason.is\/index.php?rest_route=\/wp\/v2\/pages"}],"about":[{"href":"https:\/\/marason.is\/index.php?rest_route=\/wp\/v2\/types\/page"}],"author":[{"embeddable":true,"href":"https:\/\/marason.is\/index.php?rest_route=\/wp\/v2\/users\/1"}],"replies":[{"embeddable":true,"href":"https:\/\/marason.is\/index.php?rest_route=%2Fwp%2Fv2%2Fcomments&post=65"}],"version-history":[{"count":31,"href":"https:\/\/marason.is\/index.php?rest_route=\/wp\/v2\/pages\/65\/revisions"}],"predecessor-version":[{"id":841,"href":"https:\/\/marason.is\/index.php?rest_route=\/wp\/v2\/pages\/65\/revisions\/841"}],"up":[{"embeddable":true,"href":"https:\/\/marason.is\/index.php?rest_route=\/wp\/v2\/pages\/54"}],"wp:attachment":[{"href":"https:\/\/marason.is\/index.php?rest_route=%2Fwp%2Fv2%2Fmedia&parent=65"}],"curies":[{"name":"wp","href":"https:\/\/api.w.org\/{rel}","templated":true}]}}