{"id":644,"date":"2021-06-09T21:40:34","date_gmt":"2021-06-09T21:40:34","guid":{"rendered":"https:\/\/marason.is\/?page_id=644"},"modified":"2022-06-20T23:36:31","modified_gmt":"2022-06-20T23:36:31","slug":"82-days","status":"publish","type":"page","link":"https:\/\/marason.is\/?page_id=644","title":{"rendered":"82 days (2021)"},"content":{"rendered":"\n<figure class=\"wp-block-image size-large\"><img loading=\"lazy\" decoding=\"async\" width=\"1024\" height=\"741\" src=\"https:\/\/marason.is\/wp-content\/uploads\/2021\/06\/HR-82-dagar-1024x741.jpg\" alt=\"\" class=\"wp-image-645\" srcset=\"https:\/\/marason.is\/wp-content\/uploads\/2021\/06\/HR-82-dagar-1024x741.jpg 1024w, https:\/\/marason.is\/wp-content\/uploads\/2021\/06\/HR-82-dagar-300x217.jpg 300w, https:\/\/marason.is\/wp-content\/uploads\/2021\/06\/HR-82-dagar-768x556.jpg 768w, https:\/\/marason.is\/wp-content\/uploads\/2021\/06\/HR-82-dagar-1536x1111.jpg 1536w, https:\/\/marason.is\/wp-content\/uploads\/2021\/06\/HR-82-dagar-624x451.jpg 624w, https:\/\/marason.is\/wp-content\/uploads\/2021\/06\/HR-82-dagar.jpg 1772w\" sizes=\"auto, (max-width: 1024px) 100vw, 1024px\" \/><\/figure>\n\n\n\n<p>82 days is a solarigrafi from \u00d3lafsfj\u00f6r\u00f0ur. I put up a camera, made out of a tin can with a pinhole in a good place outside MTR, the school, where I work. This was shortly before the beginning of the Covid-19 lockdown in March 2020. When I returned to work several weeks later I took the camera down and viewed the image. The only movement is the solar cycle. Everything else is in a haze. Just like the life during lockdown.<\/p>\n\n\n\n<p>During the last few years I have attempted to disconnect the photograph from reality. For that purpose, I use primitive equipment with limited options, which however offer an opportunity to create images like from another dimension.<\/p>\n","protected":false},"excerpt":{"rendered":"<p>82 days is a solarigrafi from \u00d3lafsfj\u00f6r\u00f0ur. I put up a camera, made out of a tin can with a pinhole in a good place outside MTR, the school, where I work. This was shortly before the beginning of the Covid-19 lockdown in March 2020. When I returned to work several weeks later I took [&hellip;]<\/p>\n","protected":false},"author":1,"featured_media":0,"parent":0,"menu_order":0,"comment_status":"closed","ping_status":"closed","template":"","meta":{"_coblocks_attr":"","_coblocks_dimensions":"","_coblocks_responsive_height":"","_coblocks_accordion_ie_support":"","footnotes":""},"class_list":["post-644","page","type-page","status-publish","hentry"],"_links":{"self":[{"href":"https:\/\/marason.is\/index.php?rest_route=\/wp\/v2\/pages\/644","targetHints":{"allow":["GET"]}}],"collection":[{"href":"https:\/\/marason.is\/index.php?rest_route=\/wp\/v2\/pages"}],"about":[{"href":"https:\/\/marason.is\/index.php?rest_route=\/wp\/v2\/types\/page"}],"author":[{"embeddable":true,"href":"https:\/\/marason.is\/index.php?rest_route=\/wp\/v2\/users\/1"}],"replies":[{"embeddable":true,"href":"https:\/\/marason.is\/index.php?rest_route=%2Fwp%2Fv2%2Fcomments&post=644"}],"version-history":[{"count":4,"href":"https:\/\/marason.is\/index.php?rest_route=\/wp\/v2\/pages\/644\/revisions"}],"predecessor-version":[{"id":649,"href":"https:\/\/marason.is\/index.php?rest_route=\/wp\/v2\/pages\/644\/revisions\/649"}],"wp:attachment":[{"href":"https:\/\/marason.is\/index.php?rest_route=%2Fwp%2Fv2%2Fmedia&parent=644"}],"curies":[{"name":"wp","href":"https:\/\/api.w.org\/{rel}","templated":true}]}}