{"id":612,"date":"2021-03-04T09:46:59","date_gmt":"2021-03-04T09:46:59","guid":{"rendered":"https:\/\/marason.is\/?page_id=612"},"modified":"2022-06-20T23:26:58","modified_gmt":"2022-06-20T23:26:58","slug":"oljost-landslag","status":"publish","type":"page","link":"https:\/\/marason.is\/?page_id=612","title":{"rendered":"\u00d3lj\u00f3st landslag\/Obscure landscape (2021)"},"content":{"rendered":"\n<p>Mj\u00f3lkurb\u00fa\u00f0in\/ Gallery Mj\u00f3lkurb\u00fa\u00f0in, Akureyri. 19.02 &#8211; 28.02. 2021<\/p>\n\n\n\n<figure class=\"wp-block-image size-large\"><img loading=\"lazy\" decoding=\"async\" width=\"1024\" height=\"414\" src=\"https:\/\/marason.is\/wp-content\/uploads\/2021\/03\/IMG_20210220_160801-1024x414.jpg\" alt=\"\" class=\"wp-image-628\" srcset=\"https:\/\/marason.is\/wp-content\/uploads\/2021\/03\/IMG_20210220_160801-1024x414.jpg 1024w, https:\/\/marason.is\/wp-content\/uploads\/2021\/03\/IMG_20210220_160801-300x121.jpg 300w, https:\/\/marason.is\/wp-content\/uploads\/2021\/03\/IMG_20210220_160801-768x311.jpg 768w, https:\/\/marason.is\/wp-content\/uploads\/2021\/03\/IMG_20210220_160801-1536x622.jpg 1536w, https:\/\/marason.is\/wp-content\/uploads\/2021\/03\/IMG_20210220_160801-2048x829.jpg 2048w, https:\/\/marason.is\/wp-content\/uploads\/2021\/03\/IMG_20210220_160801-624x252.jpg 624w\" sizes=\"auto, (max-width: 1024px) 100vw, 1024px\" \/><\/figure>\n\n\n\n<figure class=\"wp-block-image size-large\"><img loading=\"lazy\" decoding=\"async\" width=\"1024\" height=\"691\" src=\"https:\/\/marason.is\/wp-content\/uploads\/2021\/03\/LR_SMH3638-1024x691.jpg\" alt=\"\" class=\"wp-image-619\" srcset=\"https:\/\/marason.is\/wp-content\/uploads\/2021\/03\/LR_SMH3638-1024x691.jpg 1024w, https:\/\/marason.is\/wp-content\/uploads\/2021\/03\/LR_SMH3638-300x202.jpg 300w, https:\/\/marason.is\/wp-content\/uploads\/2021\/03\/LR_SMH3638-768x518.jpg 768w, https:\/\/marason.is\/wp-content\/uploads\/2021\/03\/LR_SMH3638-624x421.jpg 624w, https:\/\/marason.is\/wp-content\/uploads\/2021\/03\/LR_SMH3638.jpg 1500w\" sizes=\"auto, (max-width: 1024px) 100vw, 1024px\" \/><figcaption>Nr.1. St\u00e6r\u00f0: 38,5&#215;58 cm. Ver\u00f0: 50.000,- <\/figcaption><\/figure>\n\n\n\n<figure class=\"wp-block-image size-large\"><img loading=\"lazy\" decoding=\"async\" width=\"1024\" height=\"684\" src=\"https:\/\/marason.is\/wp-content\/uploads\/2021\/03\/LR_SMH3618-1024x684.jpg\" alt=\"\" class=\"wp-image-618\" srcset=\"https:\/\/marason.is\/wp-content\/uploads\/2021\/03\/LR_SMH3618-1024x684.jpg 1024w, https:\/\/marason.is\/wp-content\/uploads\/2021\/03\/LR_SMH3618-300x200.jpg 300w, https:\/\/marason.is\/wp-content\/uploads\/2021\/03\/LR_SMH3618-768x513.jpg 768w, https:\/\/marason.is\/wp-content\/uploads\/2021\/03\/LR_SMH3618-624x417.jpg 624w, https:\/\/marason.is\/wp-content\/uploads\/2021\/03\/LR_SMH3618.jpg 1500w\" sizes=\"auto, (max-width: 1024px) 100vw, 1024px\" \/><figcaption>Nr.2. <em>St\u00e6r\u00f0: 38,5&#215;58 cm. Ver\u00f0: 50.000,-<\/em><\/figcaption><\/figure>\n\n\n\n<figure class=\"wp-block-image size-large\"><img loading=\"lazy\" decoding=\"async\" width=\"1024\" height=\"686\" src=\"https:\/\/marason.is\/wp-content\/uploads\/2021\/03\/LR_SMH3616-1024x686.jpg\" alt=\"\" class=\"wp-image-617\" srcset=\"https:\/\/marason.is\/wp-content\/uploads\/2021\/03\/LR_SMH3616-1024x686.jpg 1024w, https:\/\/marason.is\/wp-content\/uploads\/2021\/03\/LR_SMH3616-300x201.jpg 300w, https:\/\/marason.is\/wp-content\/uploads\/2021\/03\/LR_SMH3616-768x515.jpg 768w, https:\/\/marason.is\/wp-content\/uploads\/2021\/03\/LR_SMH3616-624x418.jpg 624w, https:\/\/marason.is\/wp-content\/uploads\/2021\/03\/LR_SMH3616.jpg 1500w\" sizes=\"auto, (max-width: 1024px) 100vw, 1024px\" \/><figcaption>Nr.3. <em>St\u00e6r\u00f0: 38,5&#215;58 cm. Ver\u00f0: 50.000,-<\/em><\/figcaption><\/figure>\n\n\n\n<figure class=\"wp-block-image size-large\"><img loading=\"lazy\" decoding=\"async\" width=\"1024\" height=\"681\" src=\"https:\/\/marason.is\/wp-content\/uploads\/2021\/03\/LR_SMH3287-1024x681.jpg\" alt=\"\" class=\"wp-image-616\" srcset=\"https:\/\/marason.is\/wp-content\/uploads\/2021\/03\/LR_SMH3287-1024x681.jpg 1024w, https:\/\/marason.is\/wp-content\/uploads\/2021\/03\/LR_SMH3287-300x200.jpg 300w, https:\/\/marason.is\/wp-content\/uploads\/2021\/03\/LR_SMH3287-768x511.jpg 768w, https:\/\/marason.is\/wp-content\/uploads\/2021\/03\/LR_SMH3287-624x415.jpg 624w, https:\/\/marason.is\/wp-content\/uploads\/2021\/03\/LR_SMH3287.jpg 1500w\" sizes=\"auto, (max-width: 1024px) 100vw, 1024px\" \/><figcaption>Nr.4. <em>St\u00e6r\u00f0: 38,5&#215;58 cm. Ver\u00f0: 50.000,-<\/em><\/figcaption><\/figure>\n\n\n\n<figure class=\"wp-block-image size-large\"><img loading=\"lazy\" decoding=\"async\" width=\"1024\" height=\"681\" src=\"https:\/\/marason.is\/wp-content\/uploads\/2021\/03\/LR_SMH3286-1024x681.jpg\" alt=\"\" class=\"wp-image-615\" srcset=\"https:\/\/marason.is\/wp-content\/uploads\/2021\/03\/LR_SMH3286-1024x681.jpg 1024w, https:\/\/marason.is\/wp-content\/uploads\/2021\/03\/LR_SMH3286-300x200.jpg 300w, https:\/\/marason.is\/wp-content\/uploads\/2021\/03\/LR_SMH3286-768x511.jpg 768w, https:\/\/marason.is\/wp-content\/uploads\/2021\/03\/LR_SMH3286-624x415.jpg 624w, https:\/\/marason.is\/wp-content\/uploads\/2021\/03\/LR_SMH3286.jpg 1500w\" sizes=\"auto, (max-width: 1024px) 100vw, 1024px\" \/><figcaption>Nr.5. <em>St\u00e6r\u00f0: 38,5&#215;58 cm. Ver\u00f0: 50.000,-<\/em><\/figcaption><\/figure>\n\n\n\n<figure class=\"wp-block-image size-large\"><img loading=\"lazy\" decoding=\"async\" width=\"1024\" height=\"681\" src=\"https:\/\/marason.is\/wp-content\/uploads\/2021\/03\/LR_SMH3281-1024x681.jpg\" alt=\"\" class=\"wp-image-622\" srcset=\"https:\/\/marason.is\/wp-content\/uploads\/2021\/03\/LR_SMH3281-1024x681.jpg 1024w, https:\/\/marason.is\/wp-content\/uploads\/2021\/03\/LR_SMH3281-300x200.jpg 300w, https:\/\/marason.is\/wp-content\/uploads\/2021\/03\/LR_SMH3281-768x511.jpg 768w, https:\/\/marason.is\/wp-content\/uploads\/2021\/03\/LR_SMH3281-624x415.jpg 624w, https:\/\/marason.is\/wp-content\/uploads\/2021\/03\/LR_SMH3281.jpg 1500w\" sizes=\"auto, (max-width: 1024px) 100vw, 1024px\" \/><figcaption>Nr.6. <em>St\u00e6r\u00f0: 38,5&#215;58 cm. Ver\u00f0: 50.000,-<\/em> <strong><span style=\"color:#ff0000\" class=\"has-inline-color\">SELD<\/span><\/strong><\/figcaption><\/figure>\n\n\n\n<figure class=\"wp-block-image size-large is-resized\"><img loading=\"lazy\" decoding=\"async\" src=\"https:\/\/marason.is\/wp-content\/uploads\/2021\/03\/IMG_20210304_111541-1024x614.jpg\" alt=\"\" class=\"wp-image-632\" width=\"560\" height=\"333\"\/><\/figure>\n\n\n\n<figure class=\"wp-block-image size-large is-resized\"><img loading=\"lazy\" decoding=\"async\" src=\"https:\/\/marason.is\/wp-content\/uploads\/2021\/03\/SMH3591-1021x1024.jpg\" alt=\"\" class=\"wp-image-606\" width=\"560\" height=\"560\" srcset=\"https:\/\/marason.is\/wp-content\/uploads\/2021\/03\/SMH3591-300x300.jpg 300w, https:\/\/marason.is\/wp-content\/uploads\/2021\/03\/SMH3591-150x150.jpg 150w\" sizes=\"auto, (max-width: 560px) 100vw, 560px\" \/><figcaption>Nr.7. Kartonst\u00e6r\u00f0: 40&#215;40, prent:  30&#215;30. Ver\u00f0: 50.000,-<\/figcaption><\/figure>\n\n\n\n<figure class=\"wp-block-image size-large is-resized\"><img loading=\"lazy\" decoding=\"async\" src=\"https:\/\/marason.is\/wp-content\/uploads\/2021\/03\/LR_img566-1024x1024.jpg\" alt=\"\" class=\"wp-image-621\" width=\"560\" height=\"560\" srcset=\"https:\/\/marason.is\/wp-content\/uploads\/2021\/03\/LR_img566-1024x1024.jpg 1024w, https:\/\/marason.is\/wp-content\/uploads\/2021\/03\/LR_img566-300x300.jpg 300w, https:\/\/marason.is\/wp-content\/uploads\/2021\/03\/LR_img566-150x150.jpg 150w, https:\/\/marason.is\/wp-content\/uploads\/2021\/03\/LR_img566-768x768.jpg 768w, https:\/\/marason.is\/wp-content\/uploads\/2021\/03\/LR_img566-624x624.jpg 624w, https:\/\/marason.is\/wp-content\/uploads\/2021\/03\/LR_img566.jpg 1200w\" sizes=\"auto, (max-width: 560px) 100vw, 560px\" \/><figcaption>Nr.8. Kartonst\u00e6r\u00f0: 40&#215;40, prent:  30&#215;30. Ver\u00f0: 50.000,-<\/figcaption><\/figure>\n\n\n\n<figure class=\"wp-block-image size-large is-resized\"><img loading=\"lazy\" decoding=\"async\" src=\"https:\/\/marason.is\/wp-content\/uploads\/2021\/03\/LR_img567-1024x1024.jpg\" alt=\"\" class=\"wp-image-609\" width=\"560\" height=\"560\" srcset=\"https:\/\/marason.is\/wp-content\/uploads\/2021\/03\/LR_img567-1024x1024.jpg 1024w, https:\/\/marason.is\/wp-content\/uploads\/2021\/03\/LR_img567-300x300.jpg 300w, https:\/\/marason.is\/wp-content\/uploads\/2021\/03\/LR_img567-150x150.jpg 150w, https:\/\/marason.is\/wp-content\/uploads\/2021\/03\/LR_img567-768x768.jpg 768w, https:\/\/marason.is\/wp-content\/uploads\/2021\/03\/LR_img567-624x624.jpg 624w, https:\/\/marason.is\/wp-content\/uploads\/2021\/03\/LR_img567.jpg 1500w\" sizes=\"auto, (max-width: 560px) 100vw, 560px\" \/><figcaption>Nr. 9. Kartonst\u00e6r\u00f0: 40&#215;40, prent:  30&#215;30. Ver\u00f0: 50.000,-<\/figcaption><\/figure>\n\n\n\n<figure class=\"wp-block-image size-large is-resized\"><img loading=\"lazy\" decoding=\"async\" src=\"https:\/\/marason.is\/wp-content\/uploads\/2021\/03\/LR_img559-1024x1024.jpg\" alt=\"\" class=\"wp-image-608\" width=\"560\" height=\"560\" srcset=\"https:\/\/marason.is\/wp-content\/uploads\/2021\/03\/LR_img559-1024x1024.jpg 1024w, https:\/\/marason.is\/wp-content\/uploads\/2021\/03\/LR_img559-300x300.jpg 300w, https:\/\/marason.is\/wp-content\/uploads\/2021\/03\/LR_img559-150x150.jpg 150w, https:\/\/marason.is\/wp-content\/uploads\/2021\/03\/LR_img559-768x768.jpg 768w, https:\/\/marason.is\/wp-content\/uploads\/2021\/03\/LR_img559-624x624.jpg 624w, https:\/\/marason.is\/wp-content\/uploads\/2021\/03\/LR_img559.jpg 1500w\" sizes=\"auto, (max-width: 560px) 100vw, 560px\" \/><figcaption>Nr.10. Kartonst\u00e6r\u00f0: 40&#215;40, prent:  30&#215;30. Ver\u00f0: 50.000,-<\/figcaption><\/figure>\n\n\n\n<figure class=\"wp-block-image size-large is-resized\"><img loading=\"lazy\" decoding=\"async\" src=\"https:\/\/marason.is\/wp-content\/uploads\/2021\/03\/LR_img449-1024x1024.jpg\" alt=\"\" class=\"wp-image-607\" width=\"560\" height=\"560\" srcset=\"https:\/\/marason.is\/wp-content\/uploads\/2021\/03\/LR_img449-1024x1024.jpg 1024w, https:\/\/marason.is\/wp-content\/uploads\/2021\/03\/LR_img449-300x300.jpg 300w, https:\/\/marason.is\/wp-content\/uploads\/2021\/03\/LR_img449-150x150.jpg 150w, https:\/\/marason.is\/wp-content\/uploads\/2021\/03\/LR_img449-768x768.jpg 768w, https:\/\/marason.is\/wp-content\/uploads\/2021\/03\/LR_img449-624x624.jpg 624w, https:\/\/marason.is\/wp-content\/uploads\/2021\/03\/LR_img449.jpg 1500w\" sizes=\"auto, (max-width: 560px) 100vw, 560px\" \/><figcaption>Nr.11. Kartonst\u00e6r\u00f0: 40&#215;40, prent:  30&#215;30. Ver\u00f0: 50.000,- <strong><span style=\"color:#f80a06\" class=\"has-inline-color\">SELD<\/span><\/strong><\/figcaption><\/figure>\n\n\n\n<figure class=\"wp-block-image size-large\"><img loading=\"lazy\" decoding=\"async\" width=\"1024\" height=\"637\" src=\"https:\/\/marason.is\/wp-content\/uploads\/2021\/03\/LR_SMH3783-1024x637.jpg\" alt=\"62x100 cm. Ver\u00f0: 75.000,-\" class=\"wp-image-610\" srcset=\"https:\/\/marason.is\/wp-content\/uploads\/2021\/03\/LR_SMH3783-1024x637.jpg 1024w, https:\/\/marason.is\/wp-content\/uploads\/2021\/03\/LR_SMH3783-300x187.jpg 300w, https:\/\/marason.is\/wp-content\/uploads\/2021\/03\/LR_SMH3783-768x478.jpg 768w, https:\/\/marason.is\/wp-content\/uploads\/2021\/03\/LR_SMH3783-1536x956.jpg 1536w, https:\/\/marason.is\/wp-content\/uploads\/2021\/03\/LR_SMH3783-624x388.jpg 624w, https:\/\/marason.is\/wp-content\/uploads\/2021\/03\/LR_SMH3783.jpg 2000w\" sizes=\"auto, (max-width: 1024px) 100vw, 1024px\" \/><figcaption>Nr. 12. St\u00e6r\u00f0: 62&#215;100 cm. Ver\u00f0: 75.000,-<\/figcaption><\/figure>\n\n\n\n<figure class=\"wp-block-image size-large\"><img loading=\"lazy\" decoding=\"async\" width=\"1024\" height=\"641\" src=\"https:\/\/marason.is\/wp-content\/uploads\/2021\/03\/LR_SMH3789-1024x641.jpg\" alt=\"\" class=\"wp-image-611\" srcset=\"https:\/\/marason.is\/wp-content\/uploads\/2021\/03\/LR_SMH3789-1024x641.jpg 1024w, https:\/\/marason.is\/wp-content\/uploads\/2021\/03\/LR_SMH3789-300x188.jpg 300w, https:\/\/marason.is\/wp-content\/uploads\/2021\/03\/LR_SMH3789-768x481.jpg 768w, https:\/\/marason.is\/wp-content\/uploads\/2021\/03\/LR_SMH3789-1536x962.jpg 1536w, https:\/\/marason.is\/wp-content\/uploads\/2021\/03\/LR_SMH3789-624x391.jpg 624w, https:\/\/marason.is\/wp-content\/uploads\/2021\/03\/LR_SMH3789.jpg 2000w\" sizes=\"auto, (max-width: 1024px) 100vw, 1024px\" \/><figcaption>Nr.13. St\u00e6r\u00f0: 62&#215;100 cm. Ver\u00f0: 75.000,-<\/figcaption><\/figure>\n","protected":false},"excerpt":{"rendered":"<p>Mj\u00f3lkurb\u00fa\u00f0in\/ Gallery Mj\u00f3lkurb\u00fa\u00f0in, Akureyri. 19.02 &#8211; 28.02. 2021<\/p>\n","protected":false},"author":1,"featured_media":0,"parent":0,"menu_order":0,"comment_status":"closed","ping_status":"closed","template":"","meta":{"_coblocks_attr":"","_coblocks_dimensions":"","_coblocks_responsive_height":"","_coblocks_accordion_ie_support":"","footnotes":""},"class_list":["post-612","page","type-page","status-publish","hentry"],"_links":{"self":[{"href":"https:\/\/marason.is\/index.php?rest_route=\/wp\/v2\/pages\/612","targetHints":{"allow":["GET"]}}],"collection":[{"href":"https:\/\/marason.is\/index.php?rest_route=\/wp\/v2\/pages"}],"about":[{"href":"https:\/\/marason.is\/index.php?rest_route=\/wp\/v2\/types\/page"}],"author":[{"embeddable":true,"href":"https:\/\/marason.is\/index.php?rest_route=\/wp\/v2\/users\/1"}],"replies":[{"embeddable":true,"href":"https:\/\/marason.is\/index.php?rest_route=%2Fwp%2Fv2%2Fcomments&post=612"}],"version-history":[{"count":11,"href":"https:\/\/marason.is\/index.php?rest_route=\/wp\/v2\/pages\/612\/revisions"}],"predecessor-version":[{"id":766,"href":"https:\/\/marason.is\/index.php?rest_route=\/wp\/v2\/pages\/612\/revisions\/766"}],"wp:attachment":[{"href":"https:\/\/marason.is\/index.php?rest_route=%2Fwp%2Fv2%2Fmedia&parent=612"}],"curies":[{"name":"wp","href":"https:\/\/api.w.org\/{rel}","templated":true}]}}