{"id":331,"date":"2020-09-06T21:14:42","date_gmt":"2020-09-06T21:14:42","guid":{"rendered":"https:\/\/marason.is\/?page_id=331"},"modified":"2020-09-07T10:41:41","modified_gmt":"2020-09-07T10:41:41","slug":"older-projects","status":"publish","type":"page","link":"https:\/\/marason.is\/?page_id=331","title":{"rendered":"Arfleif\u00f0 fort\u00ed\u00f0ar freyju (2013)"},"content":{"rendered":"\n<div class=\"wp-block-image\"><figure class=\"alignright size-large is-resized\"><img loading=\"lazy\" decoding=\"async\" src=\"https:\/\/marason.is\/wp-content\/uploads\/2020\/09\/475080_10151566764738493_1216470559_o-1.jpg\" alt=\"\" class=\"wp-image-464\" width=\"482\" height=\"287\"\/><\/figure><\/div>\n\n\n\n<p>Myndar\u00f6\u00f0 sem var\u00f0 til \u00ed samvinnu vi\u00f0 \u00c1g\u00fastu Margr\u00e9ti Arnard\u00f3ttur fatah\u00f6nnu\u00f0, Hei\u00f0u Heiler hestakonu og Hr\u00f6nn J\u00f3nsd\u00f3ttur sk\u00e1ldkonu. Myndirnar voru s\u00fdndar \u00ed L\u00f6ngub\u00fa\u00f0 \u00e1 Dj\u00fapavogi og \u00ed Pakkh\u00fasinu \u00e1 H\u00f6fn. St\u00f3\u00f0hesturinn \u00e1 myndunum er Str\u00e1kur fr\u00e1 Vatnsleysu. <br><\/p>\n\n\n\n<figure class=\"wp-block-image size-large\"><img loading=\"lazy\" decoding=\"async\" width=\"1024\" height=\"683\" src=\"https:\/\/marason.is\/wp-content\/uploads\/2020\/09\/976485_10151624169453493_1539023620_o-1024x683.jpg\" alt=\"\" class=\"wp-image-332\" srcset=\"https:\/\/marason.is\/wp-content\/uploads\/2020\/09\/976485_10151624169453493_1539023620_o-1024x683.jpg 1024w, https:\/\/marason.is\/wp-content\/uploads\/2020\/09\/976485_10151624169453493_1539023620_o-300x200.jpg 300w, https:\/\/marason.is\/wp-content\/uploads\/2020\/09\/976485_10151624169453493_1539023620_o-768x512.jpg 768w, https:\/\/marason.is\/wp-content\/uploads\/2020\/09\/976485_10151624169453493_1539023620_o-624x416.jpg 624w, https:\/\/marason.is\/wp-content\/uploads\/2020\/09\/976485_10151624169453493_1539023620_o.jpg 1134w\" sizes=\"auto, (max-width: 1024px) 100vw, 1024px\" \/><\/figure>\n\n\n\n<figure class=\"wp-block-gallery columns-2 wp-block-gallery-1 is-layout-flex wp-block-gallery-is-layout-flex\"><ul class=\"blocks-gallery-grid\"><li class=\"blocks-gallery-item\"><figure><img loading=\"lazy\" decoding=\"async\" width=\"1024\" height=\"683\" src=\"https:\/\/marason.is\/wp-content\/uploads\/2020\/09\/977984_10151624171248493_1602994502_o-1024x683.jpg\" alt=\"\" data-id=\"397\" data-link=\"https:\/\/marason.is\/?attachment_id=397\" class=\"wp-image-397\" srcset=\"https:\/\/marason.is\/wp-content\/uploads\/2020\/09\/977984_10151624171248493_1602994502_o-1024x683.jpg 1024w, https:\/\/marason.is\/wp-content\/uploads\/2020\/09\/977984_10151624171248493_1602994502_o-300x200.jpg 300w, https:\/\/marason.is\/wp-content\/uploads\/2020\/09\/977984_10151624171248493_1602994502_o-768x512.jpg 768w, https:\/\/marason.is\/wp-content\/uploads\/2020\/09\/977984_10151624171248493_1602994502_o-624x416.jpg 624w, https:\/\/marason.is\/wp-content\/uploads\/2020\/09\/977984_10151624171248493_1602994502_o.jpg 1134w\" sizes=\"auto, (max-width: 1024px) 100vw, 1024px\" \/><\/figure><\/li><li class=\"blocks-gallery-item\"><figure><img loading=\"lazy\" decoding=\"async\" width=\"1024\" height=\"683\" src=\"https:\/\/marason.is\/wp-content\/uploads\/2020\/09\/964624_10151624169948493_1051041501_o-1024x683.jpg\" alt=\"\" data-id=\"394\" data-link=\"https:\/\/marason.is\/?attachment_id=394\" class=\"wp-image-394\" srcset=\"https:\/\/marason.is\/wp-content\/uploads\/2020\/09\/964624_10151624169948493_1051041501_o-1024x683.jpg 1024w, https:\/\/marason.is\/wp-content\/uploads\/2020\/09\/964624_10151624169948493_1051041501_o-300x200.jpg 300w, https:\/\/marason.is\/wp-content\/uploads\/2020\/09\/964624_10151624169948493_1051041501_o-768x512.jpg 768w, https:\/\/marason.is\/wp-content\/uploads\/2020\/09\/964624_10151624169948493_1051041501_o-624x416.jpg 624w, https:\/\/marason.is\/wp-content\/uploads\/2020\/09\/964624_10151624169948493_1051041501_o.jpg 1134w\" sizes=\"auto, (max-width: 1024px) 100vw, 1024px\" \/><\/figure><\/li><li class=\"blocks-gallery-item\"><figure><img loading=\"lazy\" decoding=\"async\" width=\"1024\" height=\"683\" src=\"https:\/\/marason.is\/wp-content\/uploads\/2020\/09\/474285_10151624173138493_663339994_o-1024x683.jpg\" alt=\"\" data-id=\"393\" data-link=\"https:\/\/marason.is\/?attachment_id=393\" class=\"wp-image-393\" srcset=\"https:\/\/marason.is\/wp-content\/uploads\/2020\/09\/474285_10151624173138493_663339994_o-1024x683.jpg 1024w, https:\/\/marason.is\/wp-content\/uploads\/2020\/09\/474285_10151624173138493_663339994_o-300x200.jpg 300w, https:\/\/marason.is\/wp-content\/uploads\/2020\/09\/474285_10151624173138493_663339994_o-768x512.jpg 768w, https:\/\/marason.is\/wp-content\/uploads\/2020\/09\/474285_10151624173138493_663339994_o-624x416.jpg 624w, https:\/\/marason.is\/wp-content\/uploads\/2020\/09\/474285_10151624173138493_663339994_o.jpg 1134w\" sizes=\"auto, (max-width: 1024px) 100vw, 1024px\" \/><\/figure><\/li><li class=\"blocks-gallery-item\"><figure><img loading=\"lazy\" decoding=\"async\" width=\"1024\" height=\"683\" src=\"https:\/\/marason.is\/wp-content\/uploads\/2020\/09\/460651_10151624171843493_297246063_o-1024x683.jpg\" alt=\"\" data-id=\"392\" data-link=\"https:\/\/marason.is\/?attachment_id=392\" class=\"wp-image-392\" srcset=\"https:\/\/marason.is\/wp-content\/uploads\/2020\/09\/460651_10151624171843493_297246063_o-1024x683.jpg 1024w, https:\/\/marason.is\/wp-content\/uploads\/2020\/09\/460651_10151624171843493_297246063_o-300x200.jpg 300w, https:\/\/marason.is\/wp-content\/uploads\/2020\/09\/460651_10151624171843493_297246063_o-768x512.jpg 768w, https:\/\/marason.is\/wp-content\/uploads\/2020\/09\/460651_10151624171843493_297246063_o-624x416.jpg 624w, https:\/\/marason.is\/wp-content\/uploads\/2020\/09\/460651_10151624171843493_297246063_o.jpg 1134w\" sizes=\"auto, (max-width: 1024px) 100vw, 1024px\" \/><\/figure><\/li><li class=\"blocks-gallery-item\"><figure><img loading=\"lazy\" decoding=\"async\" width=\"683\" height=\"1024\" src=\"https:\/\/marason.is\/wp-content\/uploads\/2020\/09\/977259_10151624168703493_1045086953_o-683x1024.jpg\" alt=\"\" data-id=\"396\" data-link=\"https:\/\/marason.is\/?attachment_id=396\" class=\"wp-image-396\" srcset=\"https:\/\/marason.is\/wp-content\/uploads\/2020\/09\/977259_10151624168703493_1045086953_o-683x1024.jpg 683w, https:\/\/marason.is\/wp-content\/uploads\/2020\/09\/977259_10151624168703493_1045086953_o-200x300.jpg 200w, https:\/\/marason.is\/wp-content\/uploads\/2020\/09\/977259_10151624168703493_1045086953_o-624x936.jpg 624w, https:\/\/marason.is\/wp-content\/uploads\/2020\/09\/977259_10151624168703493_1045086953_o.jpg 756w\" sizes=\"auto, (max-width: 683px) 100vw, 683px\" \/><\/figure><\/li><li class=\"blocks-gallery-item\"><figure><img loading=\"lazy\" decoding=\"async\" width=\"683\" height=\"1024\" src=\"https:\/\/marason.is\/wp-content\/uploads\/2020\/09\/976843_10151624168458493_681861419_o-683x1024.jpg\" alt=\"\" data-id=\"395\" data-link=\"https:\/\/marason.is\/?attachment_id=395\" class=\"wp-image-395\" srcset=\"https:\/\/marason.is\/wp-content\/uploads\/2020\/09\/976843_10151624168458493_681861419_o-683x1024.jpg 683w, https:\/\/marason.is\/wp-content\/uploads\/2020\/09\/976843_10151624168458493_681861419_o-200x300.jpg 200w, https:\/\/marason.is\/wp-content\/uploads\/2020\/09\/976843_10151624168458493_681861419_o-624x936.jpg 624w, https:\/\/marason.is\/wp-content\/uploads\/2020\/09\/976843_10151624168458493_681861419_o.jpg 756w\" sizes=\"auto, (max-width: 683px) 100vw, 683px\" \/><\/figure><\/li><li class=\"blocks-gallery-item\"><figure><img loading=\"lazy\" decoding=\"async\" width=\"1024\" height=\"683\" src=\"https:\/\/marason.is\/wp-content\/uploads\/2020\/09\/460651_10151624171843493_297246063_o-1-1024x683.jpg\" alt=\"\" data-id=\"400\" data-full-url=\"https:\/\/marason.is\/wp-content\/uploads\/2020\/09\/460651_10151624171843493_297246063_o-1.jpg\" data-link=\"https:\/\/marason.is\/?attachment_id=400\" class=\"wp-image-400\" srcset=\"https:\/\/marason.is\/wp-content\/uploads\/2020\/09\/460651_10151624171843493_297246063_o-1-1024x683.jpg 1024w, https:\/\/marason.is\/wp-content\/uploads\/2020\/09\/460651_10151624171843493_297246063_o-1-300x200.jpg 300w, https:\/\/marason.is\/wp-content\/uploads\/2020\/09\/460651_10151624171843493_297246063_o-1-768x512.jpg 768w, https:\/\/marason.is\/wp-content\/uploads\/2020\/09\/460651_10151624171843493_297246063_o-1-624x416.jpg 624w, https:\/\/marason.is\/wp-content\/uploads\/2020\/09\/460651_10151624171843493_297246063_o-1.jpg 1134w\" sizes=\"auto, (max-width: 1024px) 100vw, 1024px\" \/><\/figure><\/li><li class=\"blocks-gallery-item\"><figure><img loading=\"lazy\" decoding=\"async\" width=\"1024\" height=\"683\" src=\"https:\/\/marason.is\/wp-content\/uploads\/2020\/09\/460260_10151624171763493_1233591747_o-1024x683.jpg\" alt=\"\" data-id=\"399\" data-full-url=\"https:\/\/marason.is\/wp-content\/uploads\/2020\/09\/460260_10151624171763493_1233591747_o.jpg\" data-link=\"https:\/\/marason.is\/?attachment_id=399\" class=\"wp-image-399\" srcset=\"https:\/\/marason.is\/wp-content\/uploads\/2020\/09\/460260_10151624171763493_1233591747_o-1024x683.jpg 1024w, https:\/\/marason.is\/wp-content\/uploads\/2020\/09\/460260_10151624171763493_1233591747_o-300x200.jpg 300w, https:\/\/marason.is\/wp-content\/uploads\/2020\/09\/460260_10151624171763493_1233591747_o-768x512.jpg 768w, https:\/\/marason.is\/wp-content\/uploads\/2020\/09\/460260_10151624171763493_1233591747_o-624x416.jpg 624w, https:\/\/marason.is\/wp-content\/uploads\/2020\/09\/460260_10151624171763493_1233591747_o.jpg 1134w\" sizes=\"auto, (max-width: 1024px) 100vw, 1024px\" \/><\/figure><\/li><li class=\"blocks-gallery-item\"><figure><img loading=\"lazy\" decoding=\"async\" width=\"1024\" height=\"683\" src=\"https:\/\/marason.is\/wp-content\/uploads\/2020\/09\/965541_10151624169113493_1238685210_o-1024x683.jpg\" alt=\"\" data-id=\"408\" data-full-url=\"https:\/\/marason.is\/wp-content\/uploads\/2020\/09\/965541_10151624169113493_1238685210_o.jpg\" data-link=\"https:\/\/marason.is\/?attachment_id=408\" class=\"wp-image-408\" srcset=\"https:\/\/marason.is\/wp-content\/uploads\/2020\/09\/965541_10151624169113493_1238685210_o-1024x683.jpg 1024w, https:\/\/marason.is\/wp-content\/uploads\/2020\/09\/965541_10151624169113493_1238685210_o-300x200.jpg 300w, https:\/\/marason.is\/wp-content\/uploads\/2020\/09\/965541_10151624169113493_1238685210_o-768x512.jpg 768w, https:\/\/marason.is\/wp-content\/uploads\/2020\/09\/965541_10151624169113493_1238685210_o-624x416.jpg 624w, https:\/\/marason.is\/wp-content\/uploads\/2020\/09\/965541_10151624169113493_1238685210_o.jpg 1134w\" sizes=\"auto, (max-width: 1024px) 100vw, 1024px\" \/><\/figure><\/li><li class=\"blocks-gallery-item\"><figure><img loading=\"lazy\" decoding=\"async\" width=\"1024\" height=\"683\" src=\"https:\/\/marason.is\/wp-content\/uploads\/2020\/09\/468032_10151624169483493_1758802336_o-1024x683.jpg\" alt=\"\" data-id=\"402\" data-full-url=\"https:\/\/marason.is\/wp-content\/uploads\/2020\/09\/468032_10151624169483493_1758802336_o.jpg\" data-link=\"https:\/\/marason.is\/?attachment_id=402\" class=\"wp-image-402\" srcset=\"https:\/\/marason.is\/wp-content\/uploads\/2020\/09\/468032_10151624169483493_1758802336_o-1024x683.jpg 1024w, https:\/\/marason.is\/wp-content\/uploads\/2020\/09\/468032_10151624169483493_1758802336_o-300x200.jpg 300w, https:\/\/marason.is\/wp-content\/uploads\/2020\/09\/468032_10151624169483493_1758802336_o-768x512.jpg 768w, https:\/\/marason.is\/wp-content\/uploads\/2020\/09\/468032_10151624169483493_1758802336_o-624x416.jpg 624w, https:\/\/marason.is\/wp-content\/uploads\/2020\/09\/468032_10151624169483493_1758802336_o.jpg 1134w\" sizes=\"auto, (max-width: 1024px) 100vw, 1024px\" \/><\/figure><\/li><li class=\"blocks-gallery-item\"><figure><img loading=\"lazy\" decoding=\"async\" width=\"1024\" height=\"682\" src=\"https:\/\/marason.is\/wp-content\/uploads\/2020\/09\/467634_10151624169118493_1373531032_o-1024x682.jpg\" alt=\"\" data-id=\"401\" data-full-url=\"https:\/\/marason.is\/wp-content\/uploads\/2020\/09\/467634_10151624169118493_1373531032_o.jpg\" data-link=\"https:\/\/marason.is\/?attachment_id=401\" class=\"wp-image-401\" srcset=\"https:\/\/marason.is\/wp-content\/uploads\/2020\/09\/467634_10151624169118493_1373531032_o-1024x682.jpg 1024w, https:\/\/marason.is\/wp-content\/uploads\/2020\/09\/467634_10151624169118493_1373531032_o-300x200.jpg 300w, https:\/\/marason.is\/wp-content\/uploads\/2020\/09\/467634_10151624169118493_1373531032_o-768x512.jpg 768w, https:\/\/marason.is\/wp-content\/uploads\/2020\/09\/467634_10151624169118493_1373531032_o-624x416.jpg 624w, https:\/\/marason.is\/wp-content\/uploads\/2020\/09\/467634_10151624169118493_1373531032_o.jpg 1210w\" sizes=\"auto, (max-width: 1024px) 100vw, 1024px\" \/><\/figure><\/li><li class=\"blocks-gallery-item\"><figure><img loading=\"lazy\" decoding=\"async\" width=\"1024\" height=\"683\" src=\"https:\/\/marason.is\/wp-content\/uploads\/2020\/09\/469008_10151624168148493_225772451_o-1024x683.jpg\" alt=\"\" data-id=\"403\" data-full-url=\"https:\/\/marason.is\/wp-content\/uploads\/2020\/09\/469008_10151624168148493_225772451_o.jpg\" data-link=\"https:\/\/marason.is\/?attachment_id=403\" class=\"wp-image-403\" srcset=\"https:\/\/marason.is\/wp-content\/uploads\/2020\/09\/469008_10151624168148493_225772451_o-1024x683.jpg 1024w, https:\/\/marason.is\/wp-content\/uploads\/2020\/09\/469008_10151624168148493_225772451_o-300x200.jpg 300w, https:\/\/marason.is\/wp-content\/uploads\/2020\/09\/469008_10151624168148493_225772451_o-768x512.jpg 768w, https:\/\/marason.is\/wp-content\/uploads\/2020\/09\/469008_10151624168148493_225772451_o-624x416.jpg 624w, https:\/\/marason.is\/wp-content\/uploads\/2020\/09\/469008_10151624168148493_225772451_o.jpg 1134w\" sizes=\"auto, (max-width: 1024px) 100vw, 1024px\" \/><\/figure><\/li><li class=\"blocks-gallery-item\"><figure><img loading=\"lazy\" decoding=\"async\" width=\"1024\" height=\"683\" src=\"https:\/\/marason.is\/wp-content\/uploads\/2020\/09\/964410_10151624170478493_1369076436_o-1024x683.jpg\" alt=\"\" data-id=\"405\" data-full-url=\"https:\/\/marason.is\/wp-content\/uploads\/2020\/09\/964410_10151624170478493_1369076436_o.jpg\" data-link=\"https:\/\/marason.is\/?attachment_id=405\" class=\"wp-image-405\" srcset=\"https:\/\/marason.is\/wp-content\/uploads\/2020\/09\/964410_10151624170478493_1369076436_o-1024x683.jpg 1024w, https:\/\/marason.is\/wp-content\/uploads\/2020\/09\/964410_10151624170478493_1369076436_o-300x200.jpg 300w, https:\/\/marason.is\/wp-content\/uploads\/2020\/09\/964410_10151624170478493_1369076436_o-768x512.jpg 768w, https:\/\/marason.is\/wp-content\/uploads\/2020\/09\/964410_10151624170478493_1369076436_o-624x416.jpg 624w, https:\/\/marason.is\/wp-content\/uploads\/2020\/09\/964410_10151624170478493_1369076436_o.jpg 1134w\" sizes=\"auto, (max-width: 1024px) 100vw, 1024px\" \/><\/figure><\/li><li class=\"blocks-gallery-item\"><figure><img loading=\"lazy\" decoding=\"async\" width=\"1024\" height=\"683\" src=\"https:\/\/marason.is\/wp-content\/uploads\/2020\/09\/964624_10151624169948493_1051041501_o-1-1024x683.jpg\" alt=\"\" data-id=\"406\" data-full-url=\"https:\/\/marason.is\/wp-content\/uploads\/2020\/09\/964624_10151624169948493_1051041501_o-1.jpg\" data-link=\"https:\/\/marason.is\/?attachment_id=406\" class=\"wp-image-406\" srcset=\"https:\/\/marason.is\/wp-content\/uploads\/2020\/09\/964624_10151624169948493_1051041501_o-1-1024x683.jpg 1024w, https:\/\/marason.is\/wp-content\/uploads\/2020\/09\/964624_10151624169948493_1051041501_o-1-300x200.jpg 300w, https:\/\/marason.is\/wp-content\/uploads\/2020\/09\/964624_10151624169948493_1051041501_o-1-768x512.jpg 768w, https:\/\/marason.is\/wp-content\/uploads\/2020\/09\/964624_10151624169948493_1051041501_o-1-624x416.jpg 624w, https:\/\/marason.is\/wp-content\/uploads\/2020\/09\/964624_10151624169948493_1051041501_o-1.jpg 1134w\" sizes=\"auto, (max-width: 1024px) 100vw, 1024px\" \/><\/figure><\/li><li class=\"blocks-gallery-item\"><figure><img loading=\"lazy\" decoding=\"async\" width=\"1024\" height=\"683\" src=\"https:\/\/marason.is\/wp-content\/uploads\/2020\/09\/965244_10151624170693493_719939706_o-1024x683.jpg\" alt=\"\" data-id=\"407\" data-full-url=\"https:\/\/marason.is\/wp-content\/uploads\/2020\/09\/965244_10151624170693493_719939706_o.jpg\" data-link=\"https:\/\/marason.is\/?attachment_id=407\" class=\"wp-image-407\" srcset=\"https:\/\/marason.is\/wp-content\/uploads\/2020\/09\/965244_10151624170693493_719939706_o-1024x683.jpg 1024w, https:\/\/marason.is\/wp-content\/uploads\/2020\/09\/965244_10151624170693493_719939706_o-300x200.jpg 300w, https:\/\/marason.is\/wp-content\/uploads\/2020\/09\/965244_10151624170693493_719939706_o-768x512.jpg 768w, https:\/\/marason.is\/wp-content\/uploads\/2020\/09\/965244_10151624170693493_719939706_o-624x416.jpg 624w, https:\/\/marason.is\/wp-content\/uploads\/2020\/09\/965244_10151624170693493_719939706_o.jpg 1134w\" sizes=\"auto, (max-width: 1024px) 100vw, 1024px\" \/><\/figure><\/li><li class=\"blocks-gallery-item\"><figure><img loading=\"lazy\" decoding=\"async\" width=\"1024\" height=\"683\" src=\"https:\/\/marason.is\/wp-content\/uploads\/2020\/09\/976786_10151624168553493_551156690_o-1024x683.jpg\" alt=\"\" data-id=\"409\" data-full-url=\"https:\/\/marason.is\/wp-content\/uploads\/2020\/09\/976786_10151624168553493_551156690_o.jpg\" data-link=\"https:\/\/marason.is\/?attachment_id=409\" class=\"wp-image-409\" srcset=\"https:\/\/marason.is\/wp-content\/uploads\/2020\/09\/976786_10151624168553493_551156690_o-1024x683.jpg 1024w, https:\/\/marason.is\/wp-content\/uploads\/2020\/09\/976786_10151624168553493_551156690_o-300x200.jpg 300w, https:\/\/marason.is\/wp-content\/uploads\/2020\/09\/976786_10151624168553493_551156690_o-768x512.jpg 768w, https:\/\/marason.is\/wp-content\/uploads\/2020\/09\/976786_10151624168553493_551156690_o-624x416.jpg 624w, https:\/\/marason.is\/wp-content\/uploads\/2020\/09\/976786_10151624168553493_551156690_o.jpg 1134w\" sizes=\"auto, (max-width: 1024px) 100vw, 1024px\" \/><\/figure><\/li><\/ul><\/figure>\n\n\n\n<p><\/p>\n","protected":false},"excerpt":{"rendered":"<p>Myndar\u00f6\u00f0 sem var\u00f0 til \u00ed samvinnu vi\u00f0 \u00c1g\u00fastu Margr\u00e9ti Arnard\u00f3ttur fatah\u00f6nnu\u00f0, Hei\u00f0u Heiler hestakonu og Hr\u00f6nn J\u00f3nsd\u00f3ttur sk\u00e1ldkonu. Myndirnar voru s\u00fdndar \u00ed L\u00f6ngub\u00fa\u00f0 \u00e1 Dj\u00fapavogi og \u00ed Pakkh\u00fasinu \u00e1 H\u00f6fn. St\u00f3\u00f0hesturinn \u00e1 myndunum er Str\u00e1kur fr\u00e1 Vatnsleysu.<\/p>\n","protected":false},"author":1,"featured_media":0,"parent":0,"menu_order":0,"comment_status":"closed","ping_status":"closed","template":"","meta":{"_coblocks_attr":"","_coblocks_dimensions":"","_coblocks_responsive_height":"","_coblocks_accordion_ie_support":"","footnotes":""},"class_list":["post-331","page","type-page","status-publish","hentry"],"_links":{"self":[{"href":"https:\/\/marason.is\/index.php?rest_route=\/wp\/v2\/pages\/331","targetHints":{"allow":["GET"]}}],"collection":[{"href":"https:\/\/marason.is\/index.php?rest_route=\/wp\/v2\/pages"}],"about":[{"href":"https:\/\/marason.is\/index.php?rest_route=\/wp\/v2\/types\/page"}],"author":[{"embeddable":true,"href":"https:\/\/marason.is\/index.php?rest_route=\/wp\/v2\/users\/1"}],"replies":[{"embeddable":true,"href":"https:\/\/marason.is\/index.php?rest_route=%2Fwp%2Fv2%2Fcomments&post=331"}],"version-history":[{"count":15,"href":"https:\/\/marason.is\/index.php?rest_route=\/wp\/v2\/pages\/331\/revisions"}],"predecessor-version":[{"id":472,"href":"https:\/\/marason.is\/index.php?rest_route=\/wp\/v2\/pages\/331\/revisions\/472"}],"wp:attachment":[{"href":"https:\/\/marason.is\/index.php?rest_route=%2Fwp%2Fv2%2Fmedia&parent=331"}],"curies":[{"name":"wp","href":"https:\/\/api.w.org\/{rel}","templated":true}]}}